{"id":11697,"date":"2019-06-28T16:55:40","date_gmt":"2019-06-28T21:55:40","guid":{"rendered":"https:\/\/colfrancisco.edu.co\/web\/?page_id=11697"},"modified":"2020-08-26T16:37:55","modified_gmt":"2020-08-26T21:37:55","slug":"account","status":"publish","type":"page","link":"https:\/\/colfrancisco.edu.co\/web\/account\/","title":{"rendered":"Convocatoria Contrato de Servicios de Impresi\u00f3n de Actividades en Casa (Gu\u00edas-Fichas)"},"content":{"rendered":"<p>Se deja a conocimiento p\u00fablico el\u00a0<strong>CONTRATO DE SERVICIOS No. 26 de agosto del 2020<\/strong>.<\/p>\n<p>Contratar el servicio de impresi\u00f3n, organizaci\u00f3n por \u00e1reas y grados de gu\u00edas, talleres, instructivos y documentos de apoyo del colegio con destino a los estudiantes que no poseen recursos tecnol\u00f3gicos ni digitales, para desarrollar el trabajo en clase ordenado por el se\u00f1or presidente de la rep\u00fablica mediante la declaratoria de emergencia nacional por la pandemia del COVID-19.<\/p>\n<p>Ver el contrato aqu\u00ed: <strong><a href=\"https:\/\/colfrancisco.edu.co\/web\/wp-content\/uploads\/2020\/08\/CONVOCATORIA-P\u00daBLICA-DE-CONTRATACI\u00d3N-DE-SERVICIOS-agosto-2020.pdf\">CONVOCATORIA P\u00daBLICA DE CONTRATACI\u00d3N DE SERVICIOS &#8211; agosto 2020<\/a><\/strong><\/p>\n","protected":false},"excerpt":{"rendered":"<p>Se deja a conocimiento p\u00fablico el\u00a0CONTRATO DE SERVICIOS No. 26 de agosto del 2020. Contratar el servicio de impresi\u00f3n, organizaci\u00f3n por \u00e1reas y grados de gu\u00edas, talleres, instructivos y documentos de apoyo del colegio con destino a los estudiantes que &hellip; <\/p>\n","protected":false},"author":1,"featured_media":12692,"parent":0,"menu_order":0,"comment_status":"closed","ping_status":"closed","template":"","meta":{"footnotes":""},"class_list":["post-11697","page","type-page","status-publish","has-post-thumbnail","hentry"],"_links":{"self":[{"href":"https:\/\/colfrancisco.edu.co\/web\/wp-json\/wp\/v2\/pages\/11697","targetHints":{"allow":["GET"]}}],"collection":[{"href":"https:\/\/colfrancisco.edu.co\/web\/wp-json\/wp\/v2\/pages"}],"about":[{"href":"https:\/\/colfrancisco.edu.co\/web\/wp-json\/wp\/v2\/types\/page"}],"author":[{"embeddable":true,"href":"https:\/\/colfrancisco.edu.co\/web\/wp-json\/wp\/v2\/users\/1"}],"replies":[{"embeddable":true,"href":"https:\/\/colfrancisco.edu.co\/web\/wp-json\/wp\/v2\/comments?post=11697"}],"version-history":[{"count":3,"href":"https:\/\/colfrancisco.edu.co\/web\/wp-json\/wp\/v2\/pages\/11697\/revisions"}],"predecessor-version":[{"id":12693,"href":"https:\/\/colfrancisco.edu.co\/web\/wp-json\/wp\/v2\/pages\/11697\/revisions\/12693"}],"wp:featuredmedia":[{"embeddable":true,"href":"https:\/\/colfrancisco.edu.co\/web\/wp-json\/wp\/v2\/media\/12692"}],"wp:attachment":[{"href":"https:\/\/colfrancisco.edu.co\/web\/wp-json\/wp\/v2\/media?parent=11697"}],"curies":[{"name":"wp","href":"https:\/\/api.w.org\/{rel}","templated":true}]}}